{"id":5882,"date":"2025-04-22T16:13:32","date_gmt":"2025-04-22T16:13:32","guid":{"rendered":"https:\/\/mivafoto.ro\/?post_type=product&#038;p=5882"},"modified":"2025-04-22T16:14:38","modified_gmt":"2025-04-22T16:14:38","slug":"film-foto-tmax-4","status":"publish","type":"product","link":"https:\/\/mivafoto.ro\/index.php\/product\/film-foto-tmax-4\/","title":{"rendered":"Film Foto Tmax (4)"},"content":{"rendered":"<p>Descrierea Produsului<\/p>\n","protected":false},"excerpt":{"rendered":"<p>Kodak UltraMax 400 este un film color de 35mm, asem\u0103n\u0103tor cu Kodak Gold, dar cu o sensibilitate ISO mai mare, ideal pentru condi\u021bii de iluminare variate. Ofer\u0103 culori vibrante, granula\u021bie fin\u0103 \u0219i claritate excelent\u0103, fiind perfect pentru imagini dinamice, lumin\u0103 sc\u0103zut\u0103 sau fotografia de zi cu zi.<\/p>\n<p>&nbsp;<\/p>\n","protected":false},"featured_media":5880,"template":"","meta":[],"product_brand":[42],"product_cat":[36],"product_tag":[43],"class_list":{"0":"post-5882","1":"product","2":"type-product","3":"status-publish","4":"has-post-thumbnail","6":"product_brand-kodak","7":"product_cat-filme-foto","8":"product_tag-35mm","10":"first","11":"instock","12":"taxable","13":"shipping-taxable","14":"purchasable","15":"product-type-simple"},"_links":{"self":[{"href":"https:\/\/mivafoto.ro\/index.php\/wp-json\/wp\/v2\/product\/5882","targetHints":{"allow":["GET"]}}],"collection":[{"href":"https:\/\/mivafoto.ro\/index.php\/wp-json\/wp\/v2\/product"}],"about":[{"href":"https:\/\/mivafoto.ro\/index.php\/wp-json\/wp\/v2\/types\/product"}],"wp:featuredmedia":[{"embeddable":true,"href":"https:\/\/mivafoto.ro\/index.php\/wp-json\/wp\/v2\/media\/5880"}],"wp:attachment":[{"href":"https:\/\/mivafoto.ro\/index.php\/wp-json\/wp\/v2\/media?parent=5882"}],"wp:term":[{"taxonomy":"product_brand","embeddable":true,"href":"https:\/\/mivafoto.ro\/index.php\/wp-json\/wp\/v2\/product_brand?post=5882"},{"taxonomy":"product_cat","embeddable":true,"href":"https:\/\/mivafoto.ro\/index.php\/wp-json\/wp\/v2\/product_cat?post=5882"},{"taxonomy":"product_tag","embeddable":true,"href":"https:\/\/mivafoto.ro\/index.php\/wp-json\/wp\/v2\/product_tag?post=5882"}],"curies":[{"name":"wp","href":"https:\/\/api.w.org\/{rel}","templated":true}]}}